{"id":501,"date":"2022-11-11T19:21:27","date_gmt":"2022-11-12T00:21:27","guid":{"rendered":"https:\/\/www.iestpsullana.edu.pe\/?page_id=501"},"modified":"2024-09-21T16:28:05","modified_gmt":"2024-09-21T21:28:05","slug":"mecanica-produccion-industrial","status":"publish","type":"page","link":"https:\/\/www.iestpsullana.edu.pe\/?page_id=501","title":{"rendered":"Mec\u00e1nica de Producci\u00f3n Industrial"},"content":{"rendered":"\t\t<div data-elementor-type=\"wp-page\" data-elementor-id=\"501\" class=\"elementor elementor-501\" data-elementor-post-type=\"page\">\n\t\t\t\t\t\t<section class=\"elementor-section elementor-top-section elementor-element elementor-element-41f10e05 elementor-section-height-min-height elementor-section-boxed elementor-section-height-default elementor-section-items-middle\" data-id=\"41f10e05\" data-element_type=\"section\" data-e-type=\"section\" data-settings=\"{&quot;background_background&quot;:&quot;classic&quot;}\">\n\t\t\t\t\t\t\t<div class=\"elementor-background-overlay\"><\/div>\n\t\t\t\t\t\t\t<div class=\"elementor-container elementor-column-gap-default\">\n\t\t\t\t\t<div class=\"elementor-column elementor-col-100 elementor-top-column elementor-element elementor-element-785df7af\" data-id=\"785df7af\" data-element_type=\"column\" data-e-type=\"column\">\n\t\t\t<div class=\"elementor-widget-wrap\">\n\t\t\t\t\t\t\t<\/div>\n\t\t<\/div>\n\t\t\t\t\t<\/div>\n\t\t<\/section>\n\t\t\t\t<section class=\"elementor-section elementor-top-section elementor-element elementor-element-3ad2997 elementor-section-boxed elementor-section-height-default elementor-section-height-default\" data-id=\"3ad2997\" data-element_type=\"section\" data-e-type=\"section\">\n\t\t\t\t\t\t<div class=\"elementor-container elementor-column-gap-default\">\n\t\t\t\t\t<div class=\"elementor-column elementor-col-50 elementor-top-column elementor-element elementor-element-a581f30\" data-id=\"a581f30\" data-element_type=\"column\" data-e-type=\"column\">\n\t\t\t<div class=\"elementor-widget-wrap elementor-element-populated\">\n\t\t\t\t\t\t<div class=\"elementor-element elementor-element-c2396e6 elementor-widget elementor-widget-image\" data-id=\"c2396e6\" data-element_type=\"widget\" data-e-type=\"widget\" data-widget_type=\"image.default\">\n\t\t\t\t<div class=\"elementor-widget-container\">\n\t\t\t\t\t\t\t\t\t\t\t\t\t\t\t<img decoding=\"async\" src=\"https:\/\/www.iestpsullana.edu.pe\/wp-content\/uploads\/elementor\/thumbs\/banner2_mecprodindustrial-qjbrrnjzldfe0qqfe749dwdxac62efv1av6uwr0i3k.jpeg\" title=\"\" alt=\"\" loading=\"lazy\" \/>\t\t\t\t\t\t\t\t\t\t\t\t\t\t\t<\/div>\n\t\t\t\t<\/div>\n\t\t\t\t\t<\/div>\n\t\t<\/div>\n\t\t\t\t<div class=\"elementor-column elementor-col-50 elementor-top-column elementor-element elementor-element-085861c\" data-id=\"085861c\" data-element_type=\"column\" data-e-type=\"column\">\n\t\t\t<div class=\"elementor-widget-wrap elementor-element-populated\">\n\t\t\t\t\t\t<div class=\"elementor-element elementor-element-7105c96e elementor-widget elementor-widget-heading\" data-id=\"7105c96e\" data-element_type=\"widget\" data-e-type=\"widget\" data-widget_type=\"heading.default\">\n\t\t\t\t<div class=\"elementor-widget-container\">\n\t\t\t\t\t<h2 class=\"elementor-heading-title elementor-size-default\">PERFIL DE EGRESO<\/h2>\t\t\t\t<\/div>\n\t\t\t\t<\/div>\n\t\t\t\t<div class=\"elementor-element elementor-element-07fd03b elementor-widget-divider--view-line elementor-widget elementor-widget-divider\" data-id=\"07fd03b\" data-element_type=\"widget\" data-e-type=\"widget\" data-widget_type=\"divider.default\">\n\t\t\t\t<div class=\"elementor-widget-container\">\n\t\t\t\t\t\t\t<div class=\"elementor-divider\">\n\t\t\t<span class=\"elementor-divider-separator\">\n\t\t\t\t\t\t<\/span>\n\t\t<\/div>\n\t\t\t\t\t\t<\/div>\n\t\t\t\t<\/div>\n\t\t\t\t<div class=\"elementor-element elementor-element-3ee877a9 elementor-widget elementor-widget-text-editor\" data-id=\"3ee877a9\" data-element_type=\"widget\" data-e-type=\"widget\" data-widget_type=\"text-editor.default\">\n\t\t\t\t<div class=\"elementor-widget-container\">\n\t\t\t\t\t\t\t\t\t<p class=\"CDt4Ke zfr3Q\" dir=\"ltr\" style=\"text-align: justify;\">El profesional t\u00e9cnico de Mec\u00e1nica de Producci\u00f3n Industrial posee las habilidades y destrezas en la creaci\u00f3n, uso y mantenimiento de nuevos aparatos tecnol\u00f3gicos o maquinas industriales dentro de las fabricas o plantas industriales. El profesional de esta carrera conoce el uso de la tecnolog\u00eda para la operaci\u00f3n de nuevos productos, conoce de producci\u00f3n, instalaci\u00f3n de maquinarias y mantenimiento de productos industriales (cualquier tipo de m\u00e1quina industrial).<\/p>\t\t\t\t\t\t\t\t<\/div>\n\t\t\t\t<\/div>\n\t\t\t\t<div class=\"elementor-element elementor-element-522eae8 elementor-widget-divider--view-line elementor-widget elementor-widget-divider\" data-id=\"522eae8\" data-element_type=\"widget\" data-e-type=\"widget\" data-widget_type=\"divider.default\">\n\t\t\t\t<div class=\"elementor-widget-container\">\n\t\t\t\t\t\t\t<div class=\"elementor-divider\">\n\t\t\t<span class=\"elementor-divider-separator\">\n\t\t\t\t\t\t<\/span>\n\t\t<\/div>\n\t\t\t\t\t\t<\/div>\n\t\t\t\t<\/div>\n\t\t\t\t\t<\/div>\n\t\t<\/div>\n\t\t\t\t\t<\/div>\n\t\t<\/section>\n\t\t\t\t<section class=\"elementor-section elementor-top-section elementor-element elementor-element-0c141fc elementor-section-boxed elementor-section-height-default elementor-section-height-default\" data-id=\"0c141fc\" data-element_type=\"section\" data-e-type=\"section\">\n\t\t\t\t\t\t<div class=\"elementor-container elementor-column-gap-default\">\n\t\t\t\t\t<div class=\"elementor-column elementor-col-100 elementor-top-column elementor-element elementor-element-06364f4\" data-id=\"06364f4\" data-element_type=\"column\" data-e-type=\"column\">\n\t\t\t<div class=\"elementor-widget-wrap elementor-element-populated\">\n\t\t\t\t\t\t<div class=\"elementor-element elementor-element-13c1ab5 elementor-tabs-alignment-stretch elementor-tabs-view-horizontal elementor-widget elementor-widget-tabs\" data-id=\"13c1ab5\" data-element_type=\"widget\" data-e-type=\"widget\" data-widget_type=\"tabs.default\">\n\t\t\t\t<div class=\"elementor-widget-container\">\n\t\t\t\t\t\t\t<div class=\"elementor-tabs\">\n\t\t\t<div class=\"elementor-tabs-wrapper\" role=\"tablist\" >\n\t\t\t\t\t\t\t\t\t<div id=\"elementor-tab-title-2071\" class=\"elementor-tab-title elementor-tab-desktop-title\" aria-selected=\"true\" data-tab=\"1\" role=\"tab\" tabindex=\"0\" aria-controls=\"elementor-tab-content-2071\" aria-expanded=\"false\">\u00c1mbitos de desempe\u00f1o<\/div>\n\t\t\t\t\t\t\t\t\t<div id=\"elementor-tab-title-2072\" class=\"elementor-tab-title elementor-tab-desktop-title\" aria-selected=\"false\" data-tab=\"2\" role=\"tab\" tabindex=\"-1\" aria-controls=\"elementor-tab-content-2072\" aria-expanded=\"false\">Competencias espec\u00edficas<\/div>\n\t\t\t\t\t\t\t\t\t<div id=\"elementor-tab-title-2073\" class=\"elementor-tab-title elementor-tab-desktop-title\" aria-selected=\"false\" data-tab=\"3\" role=\"tab\" tabindex=\"-1\" aria-controls=\"elementor-tab-content-2073\" aria-expanded=\"false\">Competencias para la empleabilidad<\/div>\n\t\t\t\t\t\t\t\t\t<div id=\"elementor-tab-title-2074\" class=\"elementor-tab-title elementor-tab-desktop-title\" aria-selected=\"false\" data-tab=\"4\" role=\"tab\" tabindex=\"-1\" aria-controls=\"elementor-tab-content-2074\" aria-expanded=\"false\">Horario de clases<\/div>\n\t\t\t\t\t\t\t\t\t<div id=\"elementor-tab-title-2075\" class=\"elementor-tab-title elementor-tab-desktop-title\" aria-selected=\"false\" data-tab=\"5\" role=\"tab\" tabindex=\"-1\" aria-controls=\"elementor-tab-content-2075\" aria-expanded=\"false\">Itinerario formativo<\/div>\n\t\t\t\t\t\t\t<\/div>\n\t\t\t<div class=\"elementor-tabs-content-wrapper\" role=\"tablist\" aria-orientation=\"vertical\">\n\t\t\t\t\t\t\t\t\t<div class=\"elementor-tab-title elementor-tab-mobile-title\" aria-selected=\"true\" data-tab=\"1\" role=\"tab\" tabindex=\"0\" aria-controls=\"elementor-tab-content-2071\" aria-expanded=\"false\">\u00c1mbitos de desempe\u00f1o<\/div>\n\t\t\t\t\t<div id=\"elementor-tab-content-2071\" class=\"elementor-tab-content elementor-clearfix\" data-tab=\"1\" role=\"tabpanel\" aria-labelledby=\"elementor-tab-title-2071\" tabindex=\"0\" hidden=\"false\"><ul><li>\u00c1rea de mecanizado convencional o CNC.<\/li><li>\u00c1rea de soldadura en general.<\/li><li>\u00c1rea de mantenimiento de maquinaria liviana y pesada.<\/li><li>\u00c1rea de matricer\u00eda.<\/li><li>\u00c1rea de dise\u00f1o de maquinaria de producci\u00f3n industrial.<\/li><li>\u00c1rea de control de calidad de fabricaci\u00f3n de m\u00e1quinas y herramientas de producci\u00f3n industrial.<\/li><\/ul><\/div>\n\t\t\t\t\t\t\t\t\t<div class=\"elementor-tab-title elementor-tab-mobile-title\" aria-selected=\"false\" data-tab=\"2\" role=\"tab\" tabindex=\"-1\" aria-controls=\"elementor-tab-content-2072\" aria-expanded=\"false\">Competencias espec\u00edficas<\/div>\n\t\t\t\t\t<div id=\"elementor-tab-content-2072\" class=\"elementor-tab-content elementor-clearfix\" data-tab=\"2\" role=\"tabpanel\" aria-labelledby=\"elementor-tab-title-2072\" tabindex=\"0\" hidden=\"hidden\"><ul><li style=\"text-align: justify;\">Dibujar planos de piezas, m\u00e1quinas, equipos y planos de montaje, de acuerdo con las especificaciones del dise\u00f1o.<\/li><li style=\"text-align: justify;\">Producir moles, matrices y utillajes, de acuerdo con las especificaciones t\u00e9cnicas del dise\u00f1o, procedimientos establecidos de la empresa y la normativa correspondiente.<\/li><li style=\"text-align: justify;\">Ejecutar el mecanizado de piezas considerando la documentaci\u00f3n t\u00e9cnica y la normativa correspondiente.<\/li><li style=\"text-align: justify;\">Ejecutar el proceso de soldadura a los componentes de m\u00e1quinas y equipos seg\u00fan procedimientos establecidos y la normativa correspondiente.<\/li><li style=\"text-align: justify;\">Efectuar el ensamble de m\u00e1quinas y equipos seg\u00fan especificaciones t\u00e9cnicas del dise\u00f1o, plan y programa de producci\u00f3n, procedimientos establecidos por la empresa y la normativa correspondiente.<\/li><li style=\"text-align: justify;\">Efectuar la instalaci\u00f3n de sistemas el\u00e9ctricos, neum\u00e1ticos e hidr\u00e1ulicos a m\u00e1quinas y equipos, seg\u00fan especificaciones t\u00e9cnicas del dise\u00f1o, procedimientos establecidos por la empresa y la normativa correspondiente.<\/li><\/ul><\/div>\n\t\t\t\t\t\t\t\t\t<div class=\"elementor-tab-title elementor-tab-mobile-title\" aria-selected=\"false\" data-tab=\"3\" role=\"tab\" tabindex=\"-1\" aria-controls=\"elementor-tab-content-2073\" aria-expanded=\"false\">Competencias para la empleabilidad<\/div>\n\t\t\t\t\t<div id=\"elementor-tab-content-2073\" class=\"elementor-tab-content elementor-clearfix\" data-tab=\"3\" role=\"tabpanel\" aria-labelledby=\"elementor-tab-title-2073\" tabindex=\"0\" hidden=\"hidden\"><ul><li style=\"text-align: justify;\"><strong>Comunicaci\u00f3n efectiva:<\/strong> Expresar de manera clara conceptos, ideas, sentimientos, hechos y opiniones en forma oral y escrita para comunicarse e interactuar con otras personas en contextos sociales y laborales diversos. (UD)<\/li><li style=\"text-align: justify;\"><strong>Ingl\u00e9s:<\/strong> Comprender y comunicar ideas, cotidianamente, a nivel oral y escrito, as\u00ed como interactuar en diversas situaciones en idioma ingl\u00e9s, en contextos, sociales y laborales. (UD)<\/li><li style=\"text-align: justify;\"><strong>Tecnolog\u00edas de la informaci\u00f3n:<\/strong> Manejar herramientas inform\u00e1ticas de las TICs para buscar y analizar informaci\u00f3n, comunicarse y realizar procedimientos o tareas vinculados al \u00e1rea profesional, de acuerdo con los requerimientos de su entorno laboral. (UD)<\/li><li style=\"text-align: justify;\"><strong>\u00c9tica:<\/strong> Establecer relaciones con respeto y justicia en los \u00e1mbitos personal, colectivo e institucional, contribuyendo a una convivencia democr\u00e1tica, orientada al bien com\u00fan que considere la diversidad y dignidad de las personas, teniendo en cuenta las consideraciones aplicadas en su contexto laboral. (UD)<\/li><li style=\"text-align: justify;\"><strong>Innovaci\u00f3n:<\/strong> Identificar problemas, plantear hip\u00f3tesis, utilizar procesos, m\u00e9todos, instrumentos de recolecci\u00f3n y registro de datos, tratamiento de la informaci\u00f3n, interpretaci\u00f3n de los resultados y proponer la soluci\u00f3n a los problemas investigados. (UD)<\/li><li style=\"text-align: justify;\"><strong>Emprendimiento:<\/strong> Identificar nuevas oportunidades de proyectos o negocios que generen valor y sean sostenibles, gestionando recursos para su funcionamiento con creatividad y \u00e9tica, articulando acciones que permitan\u00a0 desarrollar innovaciones en la creaci\u00f3n de bienes y\/o servicios, as\u00ed como en procesos o productos ya existentes.\u00a0 (UD)<\/li><li style=\"text-align: justify;\"><strong>Trabajo colaborativo:<\/strong> Participar de forma activa en el logro de objetivos y metas comunes, integr\u00e1ndose con otras personas con criterio de respeto y justicia, sin estereotipos de g\u00e9nero u otros, en un contexto determinado. (T)<\/li><li style=\"text-align: justify;\"><strong>Igualdad de g\u00e9nero:<\/strong> Interactuar con sus pares, estableciendo relaciones de respeto y equidad, fomentando la igualdad de oportunidades en el ejercicio de derechos de mujeres y hombres para la construcci\u00f3n de relaciones democr\u00e1ticas e igualitarias en el \u00e1mbito familiar, social y laboral. (T)<\/li><li style=\"text-align: justify;\"><strong>Interculturalidad:<\/strong> Establecer relaciones de reconocimiento e intercambio de la diversidad cultural, \u00e9tnica, ling\u00fc\u00edstica, as\u00ed como del rescate y aprovechamiento de la innovaci\u00f3n tecnol\u00f3gica y social de los saberes ind\u00edgenas o tradicionales, con pertinencia cultural contribuyendo a la integraci\u00f3n nacional, la no discriminaci\u00f3n y el desarrollo nacional equitativo. (T)<\/li><\/ul><\/div>\n\t\t\t\t\t\t\t\t\t<div class=\"elementor-tab-title elementor-tab-mobile-title\" aria-selected=\"false\" data-tab=\"4\" role=\"tab\" tabindex=\"-1\" aria-controls=\"elementor-tab-content-2074\" aria-expanded=\"false\">Horario de clases<\/div>\n\t\t\t\t\t<div id=\"elementor-tab-content-2074\" class=\"elementor-tab-content elementor-clearfix\" data-tab=\"4\" role=\"tabpanel\" aria-labelledby=\"elementor-tab-title-2074\" tabindex=\"0\" hidden=\"hidden\"><p style=\"text-align: center;\"><a href=\"https:\/\/www.iestpsullana.edu.pe\/wp-content\/uploads\/2024\/09\/Horario-MPI-II-2024.pdf\" class=\"pdfemb-viewer\" style=\"width:600px;\" data-width=\"600\" data-height=\"max\" data-toolbar=\"bottom\" data-toolbar-fixed=\"off\">Horario-MPI-II-2024<\/a><\/p><p style=\"text-align: center;\"><span style=\"color: #bf2c38;\"><a style=\"color: #bf2c38;\" href=\"https:\/\/drive.google.com\/file\/d\/1sinpGc5BcK2d8SGi-lkJCi5WHaUk7Ho9\/view?usp=sharing\" target=\"_blank\" rel=\"noopener\">Descargar y\/o imprimir pdf<\/a><\/span><\/p><\/div>\n\t\t\t\t\t\t\t\t\t<div class=\"elementor-tab-title elementor-tab-mobile-title\" aria-selected=\"false\" data-tab=\"5\" role=\"tab\" tabindex=\"-1\" aria-controls=\"elementor-tab-content-2075\" aria-expanded=\"false\">Itinerario formativo<\/div>\n\t\t\t\t\t<div id=\"elementor-tab-content-2075\" class=\"elementor-tab-content elementor-clearfix\" data-tab=\"5\" role=\"tabpanel\" aria-labelledby=\"elementor-tab-title-2075\" tabindex=\"0\" hidden=\"hidden\"><p style=\"text-align: center;\"><a href=\"https:\/\/www.iestpsullana.edu.pe\/wp-content\/uploads\/2024\/02\/Itinerario-formativo-2022-Mecanica_produccion.pdf\" class=\"pdfemb-viewer\" style=\"width:600px;\" data-width=\"600\" data-height=\"max\" data-toolbar=\"bottom\" data-toolbar-fixed=\"off\">Itinerario-formativo-2022-Mecanica_produccion<\/a><\/p>\n<p style=\"text-align: center;\"><span style=\"color: #BF2C38;\"><a style=\"color: #BF2C38;\" href=\"https:\/\/drive.google.com\/file\/d\/17QChExRBkvdqwjcJMA5s_l3j7tnmkTAj\/view?usp=sharing\" target=\"_blank\" rel=\"noopener\">Descargar y\/o imprimir pdf<\/a><\/span><\/p><\/div>\n\t\t\t\t\t\t\t<\/div>\n\t\t<\/div>\n\t\t\t\t\t\t<\/div>\n\t\t\t\t<\/div>\n\t\t\t\t\t<\/div>\n\t\t<\/div>\n\t\t\t\t\t<\/div>\n\t\t<\/section>\n\t\t\t\t<\/div>\n\t\t","protected":false},"excerpt":{"rendered":"<p>PERFIL DE EGRESO El profesional t\u00e9cnico de Mec\u00e1nica de Producci\u00f3n Industrial posee las habilidades y destrezas en la creaci\u00f3n, uso y mantenimiento de nuevos aparatos tecnol\u00f3gicos o maquinas industriales dentro de las fabricas o plantas industriales. El profesional de esta carrera conoce el uso de la tecnolog\u00eda para la operaci\u00f3n de nuevos productos, conoce de [&hellip;]<\/p>\n","protected":false},"author":8,"featured_media":0,"parent":0,"menu_order":0,"comment_status":"closed","ping_status":"closed","template":"","meta":{"footnotes":""},"class_list":["post-501","page","type-page","status-publish","hentry"],"_links":{"self":[{"href":"https:\/\/www.iestpsullana.edu.pe\/index.php?rest_route=\/wp\/v2\/pages\/501","targetHints":{"allow":["GET"]}}],"collection":[{"href":"https:\/\/www.iestpsullana.edu.pe\/index.php?rest_route=\/wp\/v2\/pages"}],"about":[{"href":"https:\/\/www.iestpsullana.edu.pe\/index.php?rest_route=\/wp\/v2\/types\/page"}],"author":[{"embeddable":true,"href":"https:\/\/www.iestpsullana.edu.pe\/index.php?rest_route=\/wp\/v2\/users\/8"}],"replies":[{"embeddable":true,"href":"https:\/\/www.iestpsullana.edu.pe\/index.php?rest_route=%2Fwp%2Fv2%2Fcomments&post=501"}],"version-history":[{"count":345,"href":"https:\/\/www.iestpsullana.edu.pe\/index.php?rest_route=\/wp\/v2\/pages\/501\/revisions"}],"predecessor-version":[{"id":14769,"href":"https:\/\/www.iestpsullana.edu.pe\/index.php?rest_route=\/wp\/v2\/pages\/501\/revisions\/14769"}],"wp:attachment":[{"href":"https:\/\/www.iestpsullana.edu.pe\/index.php?rest_route=%2Fwp%2Fv2%2Fmedia&parent=501"}],"curies":[{"name":"wp","href":"https:\/\/api.w.org\/{rel}","templated":true}]}}