{"id":510,"date":"2022-11-11T19:43:57","date_gmt":"2022-11-12T00:43:57","guid":{"rendered":"https:\/\/www.iestpsullana.edu.pe\/?page_id=510"},"modified":"2024-09-21T16:38:32","modified_gmt":"2024-09-21T21:38:32","slug":"produccionagropecuaria","status":"publish","type":"page","link":"https:\/\/www.iestpsullana.edu.pe\/?page_id=510","title":{"rendered":"Producci\u00f3n Agropecuaria"},"content":{"rendered":"\t\t<div data-elementor-type=\"wp-page\" data-elementor-id=\"510\" class=\"elementor elementor-510\" data-elementor-post-type=\"page\">\n\t\t\t\t\t\t<section class=\"elementor-section elementor-top-section elementor-element elementor-element-2b13f898 elementor-section-height-min-height elementor-section-boxed elementor-section-height-default elementor-section-items-middle\" data-id=\"2b13f898\" data-element_type=\"section\" data-e-type=\"section\" data-settings=\"{&quot;background_background&quot;:&quot;classic&quot;}\">\n\t\t\t\t\t\t\t<div class=\"elementor-background-overlay\"><\/div>\n\t\t\t\t\t\t\t<div class=\"elementor-container elementor-column-gap-default\">\n\t\t\t\t\t<div class=\"elementor-column elementor-col-100 elementor-top-column elementor-element elementor-element-5604cf3\" data-id=\"5604cf3\" data-element_type=\"column\" data-e-type=\"column\">\n\t\t\t<div class=\"elementor-widget-wrap\">\n\t\t\t\t\t\t\t<\/div>\n\t\t<\/div>\n\t\t\t\t\t<\/div>\n\t\t<\/section>\n\t\t\t\t<section class=\"elementor-section elementor-top-section elementor-element elementor-element-bb7d610 elementor-section-boxed elementor-section-height-default elementor-section-height-default\" data-id=\"bb7d610\" data-element_type=\"section\" data-e-type=\"section\">\n\t\t\t\t\t\t<div class=\"elementor-container elementor-column-gap-default\">\n\t\t\t\t\t<div class=\"elementor-column elementor-col-50 elementor-top-column elementor-element elementor-element-15ccc22\" data-id=\"15ccc22\" data-element_type=\"column\" data-e-type=\"column\">\n\t\t\t<div class=\"elementor-widget-wrap elementor-element-populated\">\n\t\t\t\t\t\t<div class=\"elementor-element elementor-element-832f477 elementor-widget-mobile__width-initial elementor-widget elementor-widget-image\" data-id=\"832f477\" data-element_type=\"widget\" data-e-type=\"widget\" data-widget_type=\"image.default\">\n\t\t\t\t<div class=\"elementor-widget-container\">\n\t\t\t\t\t\t\t\t\t\t\t\t\t\t\t<img decoding=\"async\" src=\"https:\/\/www.iestpsullana.edu.pe\/wp-content\/uploads\/elementor\/thumbs\/agrop_limon-qjbv8uo5pr03yybh908uq21pd2xs0iawg9v6wj233c.jpg\" title=\"\" alt=\"\" loading=\"lazy\" \/>\t\t\t\t\t\t\t\t\t\t\t\t\t\t\t<\/div>\n\t\t\t\t<\/div>\n\t\t\t\t\t<\/div>\n\t\t<\/div>\n\t\t\t\t<div class=\"elementor-column elementor-col-50 elementor-top-column elementor-element elementor-element-ea84275\" data-id=\"ea84275\" data-element_type=\"column\" data-e-type=\"column\">\n\t\t\t<div class=\"elementor-widget-wrap elementor-element-populated\">\n\t\t\t\t\t\t<div class=\"elementor-element elementor-element-294f40da elementor-widget elementor-widget-heading\" data-id=\"294f40da\" data-element_type=\"widget\" data-e-type=\"widget\" data-widget_type=\"heading.default\">\n\t\t\t\t<div class=\"elementor-widget-container\">\n\t\t\t\t\t<h2 class=\"elementor-heading-title elementor-size-default\">PERFIL DE EGRESO<\/h2>\t\t\t\t<\/div>\n\t\t\t\t<\/div>\n\t\t\t\t<div class=\"elementor-element elementor-element-154582f elementor-widget-divider--view-line elementor-widget elementor-widget-divider\" data-id=\"154582f\" data-element_type=\"widget\" data-e-type=\"widget\" data-widget_type=\"divider.default\">\n\t\t\t\t<div class=\"elementor-widget-container\">\n\t\t\t\t\t\t\t<div class=\"elementor-divider\">\n\t\t\t<span class=\"elementor-divider-separator\">\n\t\t\t\t\t\t<\/span>\n\t\t<\/div>\n\t\t\t\t\t\t<\/div>\n\t\t\t\t<\/div>\n\t\t\t\t<div class=\"elementor-element elementor-element-10be82d8 elementor-widget-tablet_extra__width-initial elementor-widget elementor-widget-text-editor\" data-id=\"10be82d8\" data-element_type=\"widget\" data-e-type=\"widget\" data-widget_type=\"text-editor.default\">\n\t\t\t\t<div class=\"elementor-widget-container\">\n\t\t\t\t\t\t\t\t\t<p class=\"CDt4Ke zfr3Q\" dir=\"ltr\" style=\"text-align: justify;\">El profesional T\u00e9cnico de Producci\u00f3n Agropecuaria, tiene una s\u00f3lida formaci\u00f3n t\u00e9cnica, \u00e9tica y humanista, que le permite alcanzar las competencias para gestionar y supervisar una explotaci\u00f3n agropecuaria familiar o empresarial, peque\u00f1a o mediana seg\u00fan las caracter\u00edsticas socioculturales, ecol\u00f3gicas y regionales del pa\u00eds cumpliendo con funciones de supervisi\u00f3n y gesti\u00f3n en producci\u00f3n vegetal, producci\u00f3n animal, transformaci\u00f3n y conservaci\u00f3n de productos agropecuarios, mantenimiento y supervisi\u00f3n de maquinarias, equipos, implementos agropecuarios e instalaciones simples, teniendo en cuenta las normas de seguridad, higiene y preservaci\u00f3n del medio ambiente con criterio de rentabilidad y sostenibilidad; apoy\u00e1ndose con el uso de las tecnolog\u00edas de la informaci\u00f3n para la soluci\u00f3n de problemas, la correcta comunicaci\u00f3n en forma escrita y hablada as\u00ed como el dominio y comunicaci\u00f3n por medio del idioma ingl\u00e9s, as\u00ed de la capacidad de innovar y emprender en proyectos agropecuarios de forma oportuna.<\/p>\t\t\t\t\t\t\t\t<\/div>\n\t\t\t\t<\/div>\n\t\t\t\t<div class=\"elementor-element elementor-element-ce3f8b3 elementor-widget-divider--view-line elementor-widget elementor-widget-divider\" data-id=\"ce3f8b3\" data-element_type=\"widget\" data-e-type=\"widget\" data-widget_type=\"divider.default\">\n\t\t\t\t<div class=\"elementor-widget-container\">\n\t\t\t\t\t\t\t<div class=\"elementor-divider\">\n\t\t\t<span class=\"elementor-divider-separator\">\n\t\t\t\t\t\t<\/span>\n\t\t<\/div>\n\t\t\t\t\t\t<\/div>\n\t\t\t\t<\/div>\n\t\t\t\t\t<\/div>\n\t\t<\/div>\n\t\t\t\t\t<\/div>\n\t\t<\/section>\n\t\t\t\t<section class=\"elementor-section elementor-top-section elementor-element elementor-element-a9eadcd elementor-section-boxed elementor-section-height-default elementor-section-height-default\" data-id=\"a9eadcd\" data-element_type=\"section\" data-e-type=\"section\">\n\t\t\t\t\t\t<div class=\"elementor-container elementor-column-gap-default\">\n\t\t\t\t\t<div class=\"elementor-column elementor-col-100 elementor-top-column elementor-element elementor-element-6fdf033\" data-id=\"6fdf033\" data-element_type=\"column\" data-e-type=\"column\">\n\t\t\t<div class=\"elementor-widget-wrap elementor-element-populated\">\n\t\t\t\t\t\t<div class=\"elementor-element elementor-element-f35b48f elementor-tabs-alignment-stretch elementor-tabs-view-horizontal elementor-widget elementor-widget-tabs\" data-id=\"f35b48f\" data-element_type=\"widget\" data-e-type=\"widget\" data-widget_type=\"tabs.default\">\n\t\t\t\t<div class=\"elementor-widget-container\">\n\t\t\t\t\t\t\t<div class=\"elementor-tabs\">\n\t\t\t<div class=\"elementor-tabs-wrapper\" role=\"tablist\" >\n\t\t\t\t\t\t\t\t\t<div id=\"elementor-tab-title-2551\" class=\"elementor-tab-title elementor-tab-desktop-title\" aria-selected=\"true\" data-tab=\"1\" role=\"tab\" tabindex=\"0\" aria-controls=\"elementor-tab-content-2551\" aria-expanded=\"false\">\u00c1mbitos de desempe\u00f1o<\/div>\n\t\t\t\t\t\t\t\t\t<div id=\"elementor-tab-title-2552\" class=\"elementor-tab-title elementor-tab-desktop-title\" aria-selected=\"false\" data-tab=\"2\" role=\"tab\" tabindex=\"-1\" aria-controls=\"elementor-tab-content-2552\" aria-expanded=\"false\">Competencias espec\u00edficas<\/div>\n\t\t\t\t\t\t\t\t\t<div id=\"elementor-tab-title-2553\" class=\"elementor-tab-title elementor-tab-desktop-title\" aria-selected=\"false\" data-tab=\"3\" role=\"tab\" tabindex=\"-1\" aria-controls=\"elementor-tab-content-2553\" aria-expanded=\"false\">Competencias de empleabilidad<\/div>\n\t\t\t\t\t\t\t\t\t<div id=\"elementor-tab-title-2554\" class=\"elementor-tab-title elementor-tab-desktop-title\" aria-selected=\"false\" data-tab=\"4\" role=\"tab\" tabindex=\"-1\" aria-controls=\"elementor-tab-content-2554\" aria-expanded=\"false\">Horario de clases<\/div>\n\t\t\t\t\t\t\t\t\t<div id=\"elementor-tab-title-2555\" class=\"elementor-tab-title elementor-tab-desktop-title\" aria-selected=\"false\" data-tab=\"5\" role=\"tab\" tabindex=\"-1\" aria-controls=\"elementor-tab-content-2555\" aria-expanded=\"false\">Itinerario formativo<\/div>\n\t\t\t\t\t\t\t<\/div>\n\t\t\t<div class=\"elementor-tabs-content-wrapper\" role=\"tablist\" aria-orientation=\"vertical\">\n\t\t\t\t\t\t\t\t\t<div class=\"elementor-tab-title elementor-tab-mobile-title\" aria-selected=\"true\" data-tab=\"1\" role=\"tab\" tabindex=\"0\" aria-controls=\"elementor-tab-content-2551\" aria-expanded=\"false\">\u00c1mbitos de desempe\u00f1o<\/div>\n\t\t\t\t\t<div id=\"elementor-tab-content-2551\" class=\"elementor-tab-content elementor-clearfix\" data-tab=\"1\" role=\"tabpanel\" aria-labelledby=\"elementor-tab-title-2551\" tabindex=\"0\" hidden=\"false\"><div><ul><li>Fundos agr\u00edcolas y pecuarias.<\/li><li>Instituciones p\u00fablicas y\/o privadas del sector agropecuario, agroindustriales, agroveterinarias.<\/li><li>\u00c1rea de gesti\u00f3n de viveros.<\/li><li>ONGs<\/li><li>Asesor\u00edas y asistencia t\u00e9cnica.\u00a0<\/li><li>Granjas av\u00edcolas, porcinos, ovinos, caprinos, vacunos.<\/li><li>\u00c1rea de gesti\u00f3n de agua y mejoramiento de suelos.<\/li><li>\u00c1rea de control de sanidad agropecuaria.<\/li><li>Laboratorios de sanidad vegetal y animal.<\/li><li>Campo de la inseminaci\u00f3n artificial.<\/li><li>Operador de control de calidad agropecuaria.<\/li><li>Asimismo, el t\u00e9cnico agropecuario podr\u00e1 emprender e insertarse en su propio negocio empresarial agropecuario realizando actividades de manejo gerencial (asesor\u00eda agr\u00edcola\/pecuario; \u00e1rea de producci\u00f3n agraria, \u00e1rea de crianza de animales).<\/li><\/ul><\/div><\/div>\n\t\t\t\t\t\t\t\t\t<div class=\"elementor-tab-title elementor-tab-mobile-title\" aria-selected=\"false\" data-tab=\"2\" role=\"tab\" tabindex=\"-1\" aria-controls=\"elementor-tab-content-2552\" aria-expanded=\"false\">Competencias espec\u00edficas<\/div>\n\t\t\t\t\t<div id=\"elementor-tab-content-2552\" class=\"elementor-tab-content elementor-clearfix\" data-tab=\"2\" role=\"tabpanel\" aria-labelledby=\"elementor-tab-title-2552\" tabindex=\"0\" hidden=\"hidden\"><ul><li style=\"text-align: justify;\">Gestiona procesos de producci\u00f3n agr\u00edcola, de acuerdo con los requerimientos del mercado.<\/li><li style=\"text-align: justify;\">Gestionar procesos de producci\u00f3n\u00a0 pecuaria, de acuerdo con las buenas pr\u00e1cticas, ambientales y exigencias del mercado.<\/li><li style=\"text-align: justify;\">Supervisar los procesos de prevenci\u00f3n y control de plagas\/enfermedades agr\u00edcolas y pecuarios, seg\u00fan calendario sanitario establecido, buenas practicas agropecuarias y normas sanitarias vigentes.<\/li><li style=\"text-align: justify;\">Supervisar el aprovechamiento primario de productos y subproductos agropecuarios, aplicando normas t\u00e9cnicas vigentes y procedimientos de la organizaci\u00f3n.<\/li><li style=\"text-align: justify;\">Gestionar los procedimientos administrativos y comerciales de la producci\u00f3n agropecuaria de acuerdo con los objetivos y procedimientos de la empresa o unidad productiva.<\/li><\/ul><\/div>\n\t\t\t\t\t\t\t\t\t<div class=\"elementor-tab-title elementor-tab-mobile-title\" aria-selected=\"false\" data-tab=\"3\" role=\"tab\" tabindex=\"-1\" aria-controls=\"elementor-tab-content-2553\" aria-expanded=\"false\">Competencias de empleabilidad<\/div>\n\t\t\t\t\t<div id=\"elementor-tab-content-2553\" class=\"elementor-tab-content elementor-clearfix\" data-tab=\"3\" role=\"tabpanel\" aria-labelledby=\"elementor-tab-title-2553\" tabindex=\"0\" hidden=\"hidden\"><ul><li style=\"text-align: justify;\"><strong>Comunicaci\u00f3n efectiva:<\/strong> Expresar de manera clara conceptos, ideas, sentimientos, hechos y opiniones en forma oral y escrita para comunicarse e interactuar con otras personas en contextos sociales y laborales diversos. (UD)<\/li><li style=\"text-align: justify;\"><strong>Ingl\u00e9s:<\/strong> Comprender y comunicar ideas, cotidianamente, a nivel oral y escrito, as\u00ed como interactuar en diversas situaciones en idioma ingl\u00e9s, en contextos, sociales y laborales. (UD)<\/li><li style=\"text-align: justify;\"><strong>Tecnolog\u00edas de la informaci\u00f3n:<\/strong> Manejar herramientas inform\u00e1ticas de las TICs para buscar y analizar informaci\u00f3n, comunicarse y realizar procedimientos o tareas vinculados al \u00e1rea profesional, de acuerdo con los requerimientos de su entorno laboral. (UD)<\/li><li style=\"text-align: justify;\"><strong>\u00c9tica:<\/strong> Establecer relaciones con respeto y justicia en los \u00e1mbitos personal, colectivo e institucional, contribuyendo a una convivencia democr\u00e1tica, orientada al bien com\u00fan que considere la diversidad y dignidad de las personas, teniendo en cuenta las consideraciones aplicadas en su contexto laboral. (UD)<\/li><li style=\"text-align: justify;\"><strong>Soluci\u00f3n de problemas: <\/strong>Identificar situaciones complejas para evaluar posibles soluciones, aplicando un conjunto de herramientas flexibles que conlleven a la atenci\u00f3n de una necesidad. (UD)<\/li><li style=\"text-align: justify;\"><strong>Innovaci\u00f3n:\u00a0<\/strong> Desarrollar procedimientos sistem\u00e1ticos enfocados en la mejora significativa u original de un proceso, producto o servicio respondiendo a un problema, una necesidad o una oportunidad del sector productivo y educativo, el IES y la sociedad. (UD)<\/li><li style=\"text-align: justify;\"><strong>Emprendimiento:<\/strong> Identificar nuevas oportunidades de proyectos o negocios que generen valor y sean sostenibles, gestionando recursos para su funcionamiento con creatividad y \u00e9tica, articulando acciones que permitan desarrollar innovaciones en la creaci\u00f3n de bienes y\/o servicios, as\u00ed como en procesos o productos ya existentes. (UD)<\/li><li style=\"text-align: justify;\"><strong>Trabajo colaborativo: <\/strong>Participar de forma activa en el logro de objetivos y metas comunes, integr\u00e1ndose con otras personas con criterio de respeto y justicia, sin estereotipos de g\u00e9nero u otros, en un contexto determinado. (T)<\/li><li style=\"text-align: justify;\"><strong>Liderazgo personal y profesional:<\/strong> Articular recursos y potencialidades de cada integrante de su equipo logrando un trabajo comprometido, colaborativo, creativo, \u00e9tico, sensible a su contexto social y ambiente, en pro del bien com\u00fan. (T)<\/li><\/ul><\/div>\n\t\t\t\t\t\t\t\t\t<div class=\"elementor-tab-title elementor-tab-mobile-title\" aria-selected=\"false\" data-tab=\"4\" role=\"tab\" tabindex=\"-1\" aria-controls=\"elementor-tab-content-2554\" aria-expanded=\"false\">Horario de clases<\/div>\n\t\t\t\t\t<div id=\"elementor-tab-content-2554\" class=\"elementor-tab-content elementor-clearfix\" data-tab=\"4\" role=\"tabpanel\" aria-labelledby=\"elementor-tab-title-2554\" tabindex=\"0\" hidden=\"hidden\"><p style=\"text-align: center;\"><a href=\"https:\/\/www.iestpsullana.edu.pe\/wp-content\/uploads\/2024\/09\/Horario-Prod.-Agropecuaria-II-2024.pdf\" class=\"pdfemb-viewer\" style=\"width:600px;\" data-width=\"600\" data-height=\"max\" data-toolbar=\"bottom\" data-toolbar-fixed=\"off\">Horario-Prod.-Agropecuaria-II-2024<\/a><\/p><p style=\"text-align: center;\"><span style=\"color: #bf2c38;\"><a style=\"color: #bf2c38;\" href=\"https:\/\/drive.google.com\/file\/d\/1v0JZY82bHvuFJi0u0U-f63v3sJysyjPo\/view?usp=sharing\" target=\"_blank\" rel=\"noopener\">Descargar y\/o imprimir pdf<\/a><\/span><\/p><\/div>\n\t\t\t\t\t\t\t\t\t<div class=\"elementor-tab-title elementor-tab-mobile-title\" aria-selected=\"false\" data-tab=\"5\" role=\"tab\" tabindex=\"-1\" aria-controls=\"elementor-tab-content-2555\" aria-expanded=\"false\">Itinerario formativo<\/div>\n\t\t\t\t\t<div id=\"elementor-tab-content-2555\" class=\"elementor-tab-content elementor-clearfix\" data-tab=\"5\" role=\"tabpanel\" aria-labelledby=\"elementor-tab-title-2555\" tabindex=\"0\" hidden=\"hidden\"><p style=\"text-align: center;\"><a href=\"https:\/\/www.iestpsullana.edu.pe\/wp-content\/uploads\/2024\/02\/Itinerario-formativo-2022-Agropecuaria.pdf\" class=\"pdfemb-viewer\" style=\"width:600px;\" data-width=\"600\" data-height=\"max\" data-toolbar=\"bottom\" data-toolbar-fixed=\"off\">Itinerario-formativo-2022-Agropecuaria<\/a><\/p>\n<p style=\"text-align: center;\"><span style=\"color: #BF2C38;\"><a style=\"color: #BF2C38;\" href=\"https:\/\/drive.google.com\/file\/d\/1uVyMatvMzBF69YvqNmpsAfIQrhKFgBEW\/view?usp=sharing\" target=\"_blank\" rel=\"noopener\">Descargar y\/o imprimir pdf<\/a><\/span><\/p><\/div>\n\t\t\t\t\t\t\t<\/div>\n\t\t<\/div>\n\t\t\t\t\t\t<\/div>\n\t\t\t\t<\/div>\n\t\t\t\t\t<\/div>\n\t\t<\/div>\n\t\t\t\t\t<\/div>\n\t\t<\/section>\n\t\t\t\t<\/div>\n\t\t","protected":false},"excerpt":{"rendered":"<p>PERFIL DE EGRESO El profesional T\u00e9cnico de Producci\u00f3n Agropecuaria, tiene una s\u00f3lida formaci\u00f3n t\u00e9cnica, \u00e9tica y humanista, que le permite alcanzar las competencias para gestionar y supervisar una explotaci\u00f3n agropecuaria familiar o empresarial, peque\u00f1a o mediana seg\u00fan las caracter\u00edsticas socioculturales, ecol\u00f3gicas y regionales del pa\u00eds cumpliendo con funciones de supervisi\u00f3n y gesti\u00f3n en producci\u00f3n vegetal, [&hellip;]<\/p>\n","protected":false},"author":8,"featured_media":0,"parent":0,"menu_order":0,"comment_status":"closed","ping_status":"closed","template":"","meta":{"footnotes":""},"class_list":["post-510","page","type-page","status-publish","hentry"],"_links":{"self":[{"href":"https:\/\/www.iestpsullana.edu.pe\/index.php?rest_route=\/wp\/v2\/pages\/510","targetHints":{"allow":["GET"]}}],"collection":[{"href":"https:\/\/www.iestpsullana.edu.pe\/index.php?rest_route=\/wp\/v2\/pages"}],"about":[{"href":"https:\/\/www.iestpsullana.edu.pe\/index.php?rest_route=\/wp\/v2\/types\/page"}],"author":[{"embeddable":true,"href":"https:\/\/www.iestpsullana.edu.pe\/index.php?rest_route=\/wp\/v2\/users\/8"}],"replies":[{"embeddable":true,"href":"https:\/\/www.iestpsullana.edu.pe\/index.php?rest_route=%2Fwp%2Fv2%2Fcomments&post=510"}],"version-history":[{"count":324,"href":"https:\/\/www.iestpsullana.edu.pe\/index.php?rest_route=\/wp\/v2\/pages\/510\/revisions"}],"predecessor-version":[{"id":14777,"href":"https:\/\/www.iestpsullana.edu.pe\/index.php?rest_route=\/wp\/v2\/pages\/510\/revisions\/14777"}],"wp:attachment":[{"href":"https:\/\/www.iestpsullana.edu.pe\/index.php?rest_route=%2Fwp%2Fv2%2Fmedia&parent=510"}],"curies":[{"name":"wp","href":"https:\/\/api.w.org\/{rel}","templated":true}]}}